{"id":9,"date":"2015-10-28T18:47:04","date_gmt":"2015-10-28T17:47:04","guid":{"rendered":"http:\/\/qbrits.com\/?page_id=9"},"modified":"2017-09-20T12:53:41","modified_gmt":"2017-09-20T10:53:41","slug":"om-oss","status":"publish","type":"page","link":"https:\/\/qbrits.com\/sv\/om-oss\/","title":{"rendered":"Om oss"},"content":{"rendered":"<h3>QBRITS Filosofi<\/h3>\n<p>Den tekniska utvecklingen inom IT och internet, och dess integration med samh\u00e4llet, st\u00e4ller stora krav p\u00e5 f\u00f6retags synlighet p\u00e5 n\u00e4tet. Det finns flertalet studier om detta; men man beh\u00f6ver oftast inte g\u00e5 l\u00e4ngre \u00e4n till sig sj\u00e4lv och fundera p\u00e5 varf\u00f6r man v\u00e4ljer ett visst f\u00f6retag? Hur hittar man dit? Hur kommunicerar man med dem? Svaret blir oftast; med IT.<\/p>\n<p>Vi p\u00e5 QBRITS anser d\u00e4rf\u00f6r att IT \u00e4r ett verktyg f\u00f6r er f\u00f6retagare, och inte en egen\u00a0verksamhet. \u00c4r man inte ett IT-f\u00f6retag skall man inte beh\u00f6va ha ett stort intresse och kunnande\u00a0inom IT-omr\u00e5det, det skall ju bara fungera. Fungerar det f\u00f6r er och era kunder ska man inte heller beh\u00f6va g\u00f6ra konstanta uppdateringar och f\u00f6r\u00e4ndringar. Det b\u00f6r vara vara er verksamhet som \u00e4r styrande och inte er IT.<\/p>\n<p>Dessv\u00e4rre s\u00e5 kr\u00e4vs det ofta h\u00f6ga IT-kunskaper f\u00f6r att g\u00f6ra l\u00e5ngsiktiga r\u00e4tta val f\u00f6r dom\u00e4n\/hemsida\/e-post. Och d\u00e5 har vi \u00e4nd\u00e5 inte n\u00e4mnt omr\u00e5den som virusskydd, dataintr\u00e5ng, s\u00e4kerhetskopieringar och svensk lagstiftning. IT har d\u00e4rf\u00f6r blivit en on\u00f6digt komplicerat omr\u00e5de. Vilken leverant\u00f6r skulle fr\u00e5ga en snickare om vilken st\u00e5llegering han beh\u00f6ver ha p\u00e5 sin hammare?<\/p>\n<p>Vi inser ocks\u00e5 att ni sm\u00e5 och medelstora f\u00f6retag inte har en gigantisk budget och kan d\u00e4rf\u00f6r inte outscourca sin IT f\u00f6r stora belopp, och samtidigt s\u00e5 har ni\u00a0oftast inte heller ett intresse eller tid f\u00f6r att hantera komplex IT.<\/p>\n<p>Med dessa v\u00e4rderingar och insikt s\u00e5 grundades Quality Branch IT Solution AB, QBRITS, med\u00a0alla dess tj\u00e4nster.<\/p>\n<p>F\u00f6r att t\u00e4cka era f\u00f6retags gemensamma grundbehov har vi tagit fram v\u00e5rt <a href=\"http:\/\/qbrits.com\/sv\/bastjanst\/\">Baspaket<\/a>, vilket inneh\u00e5ller de IT-tj\u00e4nster som alla f\u00f6retag beh\u00f6ver och \u00e4r baserat p\u00e5 en stabil och s\u00e4ker teknologi. D\u00e4rtill har vi, f\u00f6r v\u00e5ra kunder,\u00a0<a href=\"http:\/\/qbrits.com\/sv\/qbrits-tillaggstjanster\/\">Till\u00e4ggstj\u00e4nster<\/a> vilka \u00e4r framtagna, utv\u00e4rderade och kostnadsf\u00f6rhandlade f\u00f6r att passa till era sm\u00e5 och medelstora f\u00f6retag. Vi str\u00e4var ocks\u00e5 efter att samla alla IT-tj\u00e4nster\u00a0ni f\u00f6retagare beh\u00f6ver under ett och samma tak, QBRITS, och d\u00e4rf\u00f6r anpassar vi v\u00e5rt utbud till b\u00e5de era nuvarande men \u00e4ven till era\u00a0kommande behov. Det \u00e4r era behov som styr v\u00e5rt utbud.<\/p>\n<p>&nbsp;<\/p>\n<p>Stabil teknik och r\u00e4tt information vid r\u00e4tt tillf\u00e4lle, f\u00f6rebygger uppkomsten av fel.\u00a0<span style=\"line-height: 1.5;\">D\u00e5 tid \u00e4r en kostnad f\u00f6r b\u00e5de er och oss, s\u00e5 inneb\u00e4r f\u00e4rre problem en f\u00f6rdel f\u00f6r oss b\u00e5da. Ni f\u00e5r f\u00e5r mindre kostnader och\u00a0vi kan h\u00e5lla nere v\u00e5ra priser till er.<\/span><\/p>\n<p><em>Magnus Emilsson\/CEO<\/em><\/p>\n","protected":false},"excerpt":{"rendered":"<p>QBRITS Filosofi Den tekniska utvecklingen inom IT och internet, och dess integration med samh\u00e4llet, st\u00e4ller stora krav p\u00e5 f\u00f6retags synlighet p\u00e5 n\u00e4tet. Det finns flertalet studier om detta; men man beh\u00f6ver oftast inte g\u00e5 l\u00e4ngre \u00e4n till sig sj\u00e4lv och fundera p\u00e5 varf\u00f6r man v\u00e4ljer ett visst f\u00f6retag? Hur hittar man dit? Hur kommunicerar man [&hellip;]<\/p>\n","protected":false},"author":1,"featured_media":0,"parent":0,"menu_order":0,"comment_status":"closed","ping_status":"closed","template":"","meta":{"_acf_changed":false,"footnotes":""},"class_list":["post-9","page","type-page","status-publish","hentry"],"acf":[],"_links":{"self":[{"href":"https:\/\/qbrits.com\/sv\/wp-json\/wp\/v2\/pages\/9","targetHints":{"allow":["GET"]}}],"collection":[{"href":"https:\/\/qbrits.com\/sv\/wp-json\/wp\/v2\/pages"}],"about":[{"href":"https:\/\/qbrits.com\/sv\/wp-json\/wp\/v2\/types\/page"}],"author":[{"embeddable":true,"href":"https:\/\/qbrits.com\/sv\/wp-json\/wp\/v2\/users\/1"}],"replies":[{"embeddable":true,"href":"https:\/\/qbrits.com\/sv\/wp-json\/wp\/v2\/comments?post=9"}],"version-history":[{"count":1,"href":"https:\/\/qbrits.com\/sv\/wp-json\/wp\/v2\/pages\/9\/revisions"}],"predecessor-version":[{"id":842,"href":"https:\/\/qbrits.com\/sv\/wp-json\/wp\/v2\/pages\/9\/revisions\/842"}],"wp:attachment":[{"href":"https:\/\/qbrits.com\/sv\/wp-json\/wp\/v2\/media?parent=9"}],"curies":[{"name":"wp","href":"https:\/\/api.w.org\/{rel}","templated":true}]}}