{"id":36,"date":"2015-10-28T19:08:52","date_gmt":"2015-10-28T18:08:52","guid":{"rendered":"http:\/\/qbrits.com\/?page_id=36"},"modified":"2018-11-13T17:17:18","modified_gmt":"2018-11-13T16:17:18","slug":"kontakt","status":"publish","type":"page","link":"https:\/\/qbrits.com\/sv\/kontakt\/","title":{"rendered":"Kontakt"},"content":{"rendered":"<p>D\u00e5 QBRITS vision \u00e4r att tillhandah\u00e5lla all IT som v\u00e5ra kunder beh\u00f6ver \u00e4r vi mycket tacksamma f\u00f6r synpunkter och f\u00f6rslag p\u00e5 nya <a href=\"https:\/\/qbrits.com\/sv\/tillaggstjanster\/\">Till\u00e4ggstj\u00e4nster<\/a>.<\/p>\n<p>Som kund kan ni \u00e4ven l\u00e4mna meddelanden via mina sidor under <a href=\"https:\/\/support.qbrits.com\/hc\/sv\/requests\">hj\u00e4lp\/mina aktiviteter<\/a>.<\/p>\n\n<div class=\"wpcf7 no-js\" id=\"wpcf7-f72-o1\" lang=\"sv-SE\" dir=\"ltr\" data-wpcf7-id=\"72\">\n<div class=\"screen-reader-response\"><p role=\"status\" aria-live=\"polite\" aria-atomic=\"true\"><\/p> <ul><\/ul><\/div>\n<form action=\"\/sv\/wp-json\/wp\/v2\/pages\/36#wpcf7-f72-o1\" method=\"post\" class=\"wpcf7-form init\" aria-label=\"Contact form\" novalidate=\"novalidate\" data-status=\"init\">\n<div style=\"display: none;\">\n<input type=\"hidden\" name=\"_wpcf7\" value=\"72\" \/>\n<input type=\"hidden\" name=\"_wpcf7_version\" value=\"6.0.3\" \/>\n<input type=\"hidden\" name=\"_wpcf7_locale\" value=\"sv_SE\" \/>\n<input type=\"hidden\" name=\"_wpcf7_unit_tag\" value=\"wpcf7-f72-o1\" \/>\n<input type=\"hidden\" name=\"_wpcf7_container_post\" value=\"0\" \/>\n<input type=\"hidden\" name=\"_wpcf7_posted_data_hash\" value=\"\" \/>\n<\/div>\n<p>Ditt namn (obligatorisk)\n<\/p>\n<p><span class=\"wpcf7-form-control-wrap\" data-name=\"your-name\"><input size=\"40\" maxlength=\"400\" class=\"wpcf7-form-control wpcf7-text wpcf7-validates-as-required\" aria-required=\"true\" aria-invalid=\"false\" value=\"\" type=\"text\" name=\"your-name\" \/><\/span>\n<\/p>\n<p>Din epost (obligatorisk)\n<\/p>\n<p><span class=\"wpcf7-form-control-wrap\" data-name=\"your-email\"><input size=\"40\" maxlength=\"400\" class=\"wpcf7-form-control wpcf7-email wpcf7-validates-as-required wpcf7-text wpcf7-validates-as-email\" aria-required=\"true\" aria-invalid=\"false\" value=\"\" type=\"email\" name=\"your-email\" \/><\/span>\n<\/p>\n<p>\u00c4rende (obligatorisk)\n<\/p>\n<p><span class=\"wpcf7-form-control-wrap\" data-name=\"subject\"><select class=\"wpcf7-form-control wpcf7-select wpcf7-validates-as-required\" aria-required=\"true\" aria-invalid=\"false\" name=\"subject\"><option value=\"Support\">Support<\/option><option value=\"F\u00f6rslag\">F\u00f6rslag<\/option><\/select><\/span>\n<\/p>\n<p>Ditt meddelande (obligatorisk)\n<\/p>\n<p><span class=\"wpcf7-form-control-wrap\" data-name=\"your-message\"><textarea cols=\"40\" rows=\"10\" maxlength=\"2000\" class=\"wpcf7-form-control wpcf7-textarea wpcf7-validates-as-required\" aria-required=\"true\" aria-invalid=\"false\" name=\"your-message\"><\/textarea><\/span>\n<\/p>\n<p><input class=\"wpcf7-form-control wpcf7-submit has-spinner\" type=\"submit\" value=\"Skicka\" \/>\n<\/p><div class=\"wpcf7-response-output\" aria-hidden=\"true\"><\/div>\n<\/form>\n<\/div>\n\n","protected":false},"excerpt":{"rendered":"<p>D\u00e5 QBRITS vision \u00e4r att tillhandah\u00e5lla all IT som v\u00e5ra kunder beh\u00f6ver \u00e4r vi mycket tacksamma f\u00f6r synpunkter och f\u00f6rslag p\u00e5 nya Till\u00e4ggstj\u00e4nster. Som kund kan ni \u00e4ven l\u00e4mna meddelanden via mina sidor under hj\u00e4lp\/mina aktiviteter.<\/p>\n","protected":false},"author":1,"featured_media":0,"parent":0,"menu_order":0,"comment_status":"closed","ping_status":"closed","template":"","meta":{"_acf_changed":false,"footnotes":""},"class_list":["post-36","page","type-page","status-publish","hentry"],"acf":[],"_links":{"self":[{"href":"https:\/\/qbrits.com\/sv\/wp-json\/wp\/v2\/pages\/36","targetHints":{"allow":["GET"]}}],"collection":[{"href":"https:\/\/qbrits.com\/sv\/wp-json\/wp\/v2\/pages"}],"about":[{"href":"https:\/\/qbrits.com\/sv\/wp-json\/wp\/v2\/types\/page"}],"author":[{"embeddable":true,"href":"https:\/\/qbrits.com\/sv\/wp-json\/wp\/v2\/users\/1"}],"replies":[{"embeddable":true,"href":"https:\/\/qbrits.com\/sv\/wp-json\/wp\/v2\/comments?post=36"}],"version-history":[{"count":1,"href":"https:\/\/qbrits.com\/sv\/wp-json\/wp\/v2\/pages\/36\/revisions"}],"predecessor-version":[{"id":872,"href":"https:\/\/qbrits.com\/sv\/wp-json\/wp\/v2\/pages\/36\/revisions\/872"}],"wp:attachment":[{"href":"https:\/\/qbrits.com\/sv\/wp-json\/wp\/v2\/media?parent=36"}],"curies":[{"name":"wp","href":"https:\/\/api.w.org\/{rel}","templated":true}]}}