{"id":2,"date":"2015-10-28T18:28:27","date_gmt":"2015-10-28T17:28:27","guid":{"rendered":"http:\/\/qbrits.com\/?page_id=2"},"modified":"2018-07-14T08:14:13","modified_gmt":"2018-07-14T06:14:13","slug":"tjanster","status":"publish","type":"page","link":"https:\/\/qbrits.com\/sv\/tjanster\/","title":{"rendered":"QBRITS-Tj\u00e4nster"},"content":{"rendered":"<p>Alla QBRITS\u00a0tj\u00e4nster \u00e4r testade\/utprovade och optimerade utifr\u00e5n sm\u00e5 och medelstora f\u00f6retags behov. De indelas i tv\u00e5 olika utbud; <a href=\"http:\/\/qbrits.com\/sv\/bastjanst\/\">Bastj\u00e4nst<\/a> och <a href=\"http:\/\/qbrits.com\/sv\/tillaggstjanster\/\">Till\u00e4ggstj\u00e4nster<\/a>.<\/p>\n<p><img loading=\"lazy\" decoding=\"async\" class=\"size-medium wp-image-288 alignright\" src=\"http:\/\/qbrits.com\/wp-content\/uploads\/2015\/12\/QBRITS-service-model-sv-300x244.jpg\" alt=\"QBRITS Servicemodell\" width=\"300\" height=\"244\" srcset=\"https:\/\/qbrits.com\/wp-content\/uploads\/2015\/12\/QBRITS-service-model-sv-300x244.jpg 300w, https:\/\/qbrits.com\/wp-content\/uploads\/2015\/12\/QBRITS-service-model-sv-468x381.jpg 468w, https:\/\/qbrits.com\/wp-content\/uploads\/2015\/12\/QBRITS-service-model-sv.jpg 519w\" sizes=\"auto, (max-width: 300px) 100vw, 300px\" \/><span style=\"line-height: 1.5;\">Bastj\u00e4nsten inneh\u00e5ller komponenter f\u00f6r att t\u00e4cka de tre grundbehov som alla f\u00f6retag beh\u00f6ver, samt\u00a0ger en stabil IT-grund f\u00f6r ert f\u00f6retags framtid. Grundplattformen \u00e4r:<\/span><\/p>\n<ol>\n<li><span style=\"line-height: 1.5;\">Synlighet<\/span><\/li>\n<li><span style=\"line-height: 1.5;\">Kommunikation<\/span><\/li>\n<li><span style=\"line-height: 1.5;\">S\u00e4kerhet<\/span><\/li>\n<\/ol>\n<p><span style=\"line-height: 1.5;\">Bastj\u00e4nsten inneh\u00e5ller s\u00e5ledes bland annat Webbplats, e-post och s\u00e4kerhetskopiering av era datorer.<\/span><\/p>\n<p>&nbsp;<\/p>\n<p>Till\u00e4ggstj\u00e4nster \u00e4r IT som ett f\u00f6retag kan beh\u00f6va ut\u00f6ver sitt grundbehov. QBRITS testar och utv\u00e4rderar l\u00e4mpliga tj\u00e4nster och produkter f\u00f6r att sedan f\u00f6rhandla fram ett bra pris som vi kan f\u00f6ra vidare till er kunder. Vi ger \u00e4ven tydlig information f\u00f6r vilka de olika tj\u00e4nsterna passar. D\u00e5 era sm\u00e5 och medelstora f\u00f6retags behov och \u00f6nskem\u00e5l styr v\u00e5rt utbud av till\u00e4ggstj\u00e4nster \u00e4r vi alltid intresserade av <a href=\"http:\/\/qbrits.com\/sv\/kontakt\/\">f\u00f6rslag p\u00e5 nya till\u00e4ggstj\u00e4nster och andra tips<\/a>.<\/p>\n<p>Allt kostar inte pengar; d\u00e5 QBRITS m\u00e5l \u00e4r att finna de b\u00e4sta l\u00f6sningarna till era f\u00f6retagare s\u00e5 har vi \u00e4ven tagit fram rekommendationer p\u00e5 tj\u00e4nster och produkter. Vissa av dessa har ni som kunder rabatt p\u00e5 medan andra \u00e4r gratis. \u00c4ven om ni inte \u00e4r kund hos QBRITS kan det vara v\u00e4rt att titta under <a href=\"http:\/\/qbrits.com\/sv\/rekommendationer\/\">rekommendationer<\/a>.<\/p>\n<p>&nbsp;<\/p>\n<p style=\"text-align: center;\"><a href=\"http:\/\/qbrits.com\/sv\/bastjanst\/\"  class=\"btn btn-danger \" target=\"\"> Bastj\u00e4nst\u00a0<\/a> \u00a0<a href=\"http:\/\/qbrits.com\/sv\/tillaggstjanster\/\"  class=\"btn btn-danger \" target=\"\"> Till\u00e4gstj\u00e4nster\u00a0<\/a> \u00a0<a href=\"http:\/\/qbrits.com\/sv\/rekommendationer\/\"  class=\"btn btn-danger \" target=\"\"> Rekommendationer\u00a0<\/a><\/p>\n","protected":false},"excerpt":{"rendered":"<p>Alla QBRITS\u00a0tj\u00e4nster \u00e4r testade\/utprovade och optimerade utifr\u00e5n sm\u00e5 och medelstora f\u00f6retags behov. De indelas i tv\u00e5 olika utbud; Bastj\u00e4nst och Till\u00e4ggstj\u00e4nster. Bastj\u00e4nsten inneh\u00e5ller komponenter f\u00f6r att t\u00e4cka de tre grundbehov som alla f\u00f6retag beh\u00f6ver, samt\u00a0ger en stabil IT-grund f\u00f6r ert f\u00f6retags framtid. Grundplattformen \u00e4r: Synlighet Kommunikation S\u00e4kerhet Bastj\u00e4nsten inneh\u00e5ller s\u00e5ledes bland annat Webbplats, e-post och [&hellip;]<\/p>\n","protected":false},"author":1,"featured_media":0,"parent":0,"menu_order":0,"comment_status":"closed","ping_status":"closed","template":"","meta":{"_acf_changed":false,"footnotes":""},"class_list":["post-2","page","type-page","status-publish","hentry"],"acf":[],"_links":{"self":[{"href":"https:\/\/qbrits.com\/sv\/wp-json\/wp\/v2\/pages\/2","targetHints":{"allow":["GET"]}}],"collection":[{"href":"https:\/\/qbrits.com\/sv\/wp-json\/wp\/v2\/pages"}],"about":[{"href":"https:\/\/qbrits.com\/sv\/wp-json\/wp\/v2\/types\/page"}],"author":[{"embeddable":true,"href":"https:\/\/qbrits.com\/sv\/wp-json\/wp\/v2\/users\/1"}],"replies":[{"embeddable":true,"href":"https:\/\/qbrits.com\/sv\/wp-json\/wp\/v2\/comments?post=2"}],"version-history":[{"count":2,"href":"https:\/\/qbrits.com\/sv\/wp-json\/wp\/v2\/pages\/2\/revisions"}],"predecessor-version":[{"id":857,"href":"https:\/\/qbrits.com\/sv\/wp-json\/wp\/v2\/pages\/2\/revisions\/857"}],"wp:attachment":[{"href":"https:\/\/qbrits.com\/sv\/wp-json\/wp\/v2\/media?parent=2"}],"curies":[{"name":"wp","href":"https:\/\/api.w.org\/{rel}","templated":true}]}}